{"id":1041,"date":"2013-06-24T21:34:36","date_gmt":"2013-06-24T20:34:36","guid":{"rendered":"http:\/\/www.fattila.art\/blog\/?page_id=1041"},"modified":"2024-03-03T13:12:28","modified_gmt":"2024-03-03T12:12:28","slug":"elerhetoseg","status":"publish","type":"page","link":"https:\/\/www.fattila.art\/blog\/elerhetoseg\/","title":{"rendered":"Kapcsolat"},"content":{"rendered":"<p><a href=\"https:\/\/www.fattila.art\/blog\/wp-content\/uploads\/2013\/08\/FA_7586-Edit.jpg\"><img loading=\"lazy\" decoding=\"async\" class=\"aligncenter wp-image-1372 size-large\" src=\"https:\/\/www.fattila.art\/blog\/wp-content\/uploads\/2013\/08\/FA_7586-Edit-331x500.jpg\" alt=\"Fekete Attila\" width=\"331\" height=\"500\" srcset=\"https:\/\/www.fattila.art\/blog\/wp-content\/uploads\/2013\/08\/FA_7586-Edit-331x500.jpg 331w, https:\/\/www.fattila.art\/blog\/wp-content\/uploads\/2013\/08\/FA_7586-Edit-198x300.jpg 198w, https:\/\/www.fattila.art\/blog\/wp-content\/uploads\/2013\/08\/FA_7586-Edit.jpg 662w\" sizes=\"auto, (max-width: 331px) 100vw, 331px\" \/><\/a><\/p>\n<p style=\"padding-left: 30px;\"><span style=\"font-family: book antiqua,palatino; font-size: large;\">A blogon szerepl\u0151 k\u00e9pek a saj\u00e1t tulajdonomat k\u00e9pezik. Ha szeretn\u00e9l valamelyikb\u0151l nagyobb felbont\u00e1s\u00fa v\u00e1ltozatot, pap\u00edrk\u00e9pet, vagy b\u00e1rhol fel szeretn\u00e9d haszn\u00e1lni, k\u00e9rlek keress meg: <\/span><a href=\"mailto:foto@fattila.art\">ezen a c\u00edmen<\/a><\/p>\n","protected":false},"excerpt":{"rendered":"<p>A blogon szerepl\u0151 k\u00e9pek a saj\u00e1t tulajdonomat k\u00e9pezik. Ha szeretn\u00e9l valamelyikb\u0151l nagyobb felbont\u00e1s\u00fa v\u00e1ltozatot, pap\u00edrk\u00e9pet, vagy b\u00e1rhol fel szeretn\u00e9d haszn\u00e1lni, k\u00e9rlek keress meg: ezen a c\u00edmen<\/p>\n","protected":false},"author":1,"featured_media":0,"parent":0,"menu_order":0,"comment_status":"closed","ping_status":"open","template":"","meta":{"ngg_post_thumbnail":0,"footnotes":""},"class_list":["post-1041","page","type-page","status-publish","hentry"],"yoast_head":"<!-- This site is optimized with the Yoast SEO plugin v27.3 - https:\/\/yoast.com\/product\/yoast-seo-wordpress\/ -->\n<title>Kapcsolat - Fattila Fekete Attila Fot\u00f3blog<\/title>\n<meta name=\"robots\" content=\"index, follow, max-snippet:-1, max-image-preview:large, max-video-preview:-1\" \/>\n<link rel=\"canonical\" href=\"https:\/\/www.fattila.art\/blog\/elerhetoseg\/\" \/>\n<meta property=\"og:locale\" content=\"hu_HU\" \/>\n<meta property=\"og:type\" content=\"article\" \/>\n<meta property=\"og:title\" content=\"Kapcsolat - Fattila Fekete Attila Fot\u00f3blog\" \/>\n<meta property=\"og:description\" content=\"A blogon szerepl\u0151 k\u00e9pek a saj\u00e1t tulajdonomat k\u00e9pezik. Ha szeretn\u00e9l valamelyikb\u0151l nagyobb felbont\u00e1s\u00fa v\u00e1ltozatot, pap\u00edrk\u00e9pet, vagy b\u00e1rhol fel szeretn\u00e9d haszn\u00e1lni, k\u00e9rlek keress meg: ezen a c\u00edmen\" \/>\n<meta property=\"og:url\" content=\"https:\/\/www.fattila.art\/blog\/elerhetoseg\/\" \/>\n<meta property=\"og:site_name\" content=\"Fattila Fekete Attila Fot\u00f3blog\" \/>\n<meta property=\"article:modified_time\" content=\"2024-03-03T12:12:28+00:00\" \/>\n<meta property=\"og:image\" content=\"http:\/\/www.fattila.art\/blog\/wp-content\/uploads\/2013\/08\/FA_7586-Edit-331x500.jpg\" \/>\n<meta name=\"twitter:label1\" content=\"Becs\u00fclt olvas\u00e1si id\u0151\" \/>\n\t<meta name=\"twitter:data1\" content=\"1 perc\" \/>\n<script type=\"application\/ld+json\" class=\"yoast-schema-graph\">{\"@context\":\"https:\\\/\\\/schema.org\",\"@graph\":[{\"@type\":\"WebPage\",\"@id\":\"https:\\\/\\\/www.fattila.art\\\/blog\\\/elerhetoseg\\\/\",\"url\":\"https:\\\/\\\/www.fattila.art\\\/blog\\\/elerhetoseg\\\/\",\"name\":\"Kapcsolat - Fattila Fekete Attila Fot\u00f3blog\",\"isPartOf\":{\"@id\":\"https:\\\/\\\/www.fattila.art\\\/blog\\\/#website\"},\"primaryImageOfPage\":{\"@id\":\"https:\\\/\\\/www.fattila.art\\\/blog\\\/elerhetoseg\\\/#primaryimage\"},\"image\":{\"@id\":\"https:\\\/\\\/www.fattila.art\\\/blog\\\/elerhetoseg\\\/#primaryimage\"},\"thumbnailUrl\":\"http:\\\/\\\/www.fattila.art\\\/blog\\\/wp-content\\\/uploads\\\/2013\\\/08\\\/FA_7586-Edit-331x500.jpg\",\"datePublished\":\"2013-06-24T20:34:36+00:00\",\"dateModified\":\"2024-03-03T12:12:28+00:00\",\"breadcrumb\":{\"@id\":\"https:\\\/\\\/www.fattila.art\\\/blog\\\/elerhetoseg\\\/#breadcrumb\"},\"inLanguage\":\"hu\",\"potentialAction\":[{\"@type\":\"ReadAction\",\"target\":[\"https:\\\/\\\/www.fattila.art\\\/blog\\\/elerhetoseg\\\/\"]}]},{\"@type\":\"ImageObject\",\"inLanguage\":\"hu\",\"@id\":\"https:\\\/\\\/www.fattila.art\\\/blog\\\/elerhetoseg\\\/#primaryimage\",\"url\":\"http:\\\/\\\/www.fattila.art\\\/blog\\\/wp-content\\\/uploads\\\/2013\\\/08\\\/FA_7586-Edit-331x500.jpg\",\"contentUrl\":\"http:\\\/\\\/www.fattila.art\\\/blog\\\/wp-content\\\/uploads\\\/2013\\\/08\\\/FA_7586-Edit-331x500.jpg\"},{\"@type\":\"BreadcrumbList\",\"@id\":\"https:\\\/\\\/www.fattila.art\\\/blog\\\/elerhetoseg\\\/#breadcrumb\",\"itemListElement\":[{\"@type\":\"ListItem\",\"position\":1,\"name\":\"Kezd\u0151lap\",\"item\":\"https:\\\/\\\/www.fattila.art\\\/blog\\\/\"},{\"@type\":\"ListItem\",\"position\":2,\"name\":\"Kapcsolat\"}]},{\"@type\":\"WebSite\",\"@id\":\"https:\\\/\\\/www.fattila.art\\\/blog\\\/#website\",\"url\":\"https:\\\/\\\/www.fattila.art\\\/blog\\\/\",\"name\":\"Fekete Attila Fattila Fot\u00f3blog\",\"description\":\"k\u00f6znapi k\u00e9pek kavalk\u00e1dja     - a k\u00e9pek csak \u00edr\u00e1sos enged\u00e9lyemmel haszn\u00e1lhat\u00f3k fel!\",\"publisher\":{\"@id\":\"https:\\\/\\\/www.fattila.art\\\/blog\\\/#\\\/schema\\\/person\\\/2c6bc4da70975d98c509af79994cce4b\"},\"potentialAction\":[{\"@type\":\"SearchAction\",\"target\":{\"@type\":\"EntryPoint\",\"urlTemplate\":\"https:\\\/\\\/www.fattila.art\\\/blog\\\/?s={search_term_string}\"},\"query-input\":{\"@type\":\"PropertyValueSpecification\",\"valueRequired\":true,\"valueName\":\"search_term_string\"}}],\"inLanguage\":\"hu\"},{\"@type\":[\"Person\",\"Organization\"],\"@id\":\"https:\\\/\\\/www.fattila.art\\\/blog\\\/#\\\/schema\\\/person\\\/2c6bc4da70975d98c509af79994cce4b\",\"name\":\"Fekete Attila\",\"image\":{\"@type\":\"ImageObject\",\"inLanguage\":\"hu\",\"@id\":\"https:\\\/\\\/www.fattila.art\\\/blog\\\/wp-content\\\/uploads\\\/2021\\\/09\\\/b3-1.jpg\",\"url\":\"https:\\\/\\\/www.fattila.art\\\/blog\\\/wp-content\\\/uploads\\\/2021\\\/09\\\/b3-1.jpg\",\"contentUrl\":\"https:\\\/\\\/www.fattila.art\\\/blog\\\/wp-content\\\/uploads\\\/2021\\\/09\\\/b3-1.jpg\",\"width\":58,\"height\":50,\"caption\":\"Fekete Attila\"},\"logo\":{\"@id\":\"https:\\\/\\\/www.fattila.art\\\/blog\\\/wp-content\\\/uploads\\\/2021\\\/09\\\/b3-1.jpg\"}}]}<\/script>\n<!-- \/ Yoast SEO plugin. -->","yoast_head_json":{"title":"Kapcsolat - Fattila Fekete Attila Fot\u00f3blog","robots":{"index":"index","follow":"follow","max-snippet":"max-snippet:-1","max-image-preview":"max-image-preview:large","max-video-preview":"max-video-preview:-1"},"canonical":"https:\/\/www.fattila.art\/blog\/elerhetoseg\/","og_locale":"hu_HU","og_type":"article","og_title":"Kapcsolat - Fattila Fekete Attila Fot\u00f3blog","og_description":"A blogon szerepl\u0151 k\u00e9pek a saj\u00e1t tulajdonomat k\u00e9pezik. Ha szeretn\u00e9l valamelyikb\u0151l nagyobb felbont\u00e1s\u00fa v\u00e1ltozatot, pap\u00edrk\u00e9pet, vagy b\u00e1rhol fel szeretn\u00e9d haszn\u00e1lni, k\u00e9rlek keress meg: ezen a c\u00edmen","og_url":"https:\/\/www.fattila.art\/blog\/elerhetoseg\/","og_site_name":"Fattila Fekete Attila Fot\u00f3blog","article_modified_time":"2024-03-03T12:12:28+00:00","og_image":[{"url":"http:\/\/www.fattila.art\/blog\/wp-content\/uploads\/2013\/08\/FA_7586-Edit-331x500.jpg","type":"","width":"","height":""}],"twitter_misc":{"Becs\u00fclt olvas\u00e1si id\u0151":"1 perc"},"schema":{"@context":"https:\/\/schema.org","@graph":[{"@type":"WebPage","@id":"https:\/\/www.fattila.art\/blog\/elerhetoseg\/","url":"https:\/\/www.fattila.art\/blog\/elerhetoseg\/","name":"Kapcsolat - Fattila Fekete Attila Fot\u00f3blog","isPartOf":{"@id":"https:\/\/www.fattila.art\/blog\/#website"},"primaryImageOfPage":{"@id":"https:\/\/www.fattila.art\/blog\/elerhetoseg\/#primaryimage"},"image":{"@id":"https:\/\/www.fattila.art\/blog\/elerhetoseg\/#primaryimage"},"thumbnailUrl":"http:\/\/www.fattila.art\/blog\/wp-content\/uploads\/2013\/08\/FA_7586-Edit-331x500.jpg","datePublished":"2013-06-24T20:34:36+00:00","dateModified":"2024-03-03T12:12:28+00:00","breadcrumb":{"@id":"https:\/\/www.fattila.art\/blog\/elerhetoseg\/#breadcrumb"},"inLanguage":"hu","potentialAction":[{"@type":"ReadAction","target":["https:\/\/www.fattila.art\/blog\/elerhetoseg\/"]}]},{"@type":"ImageObject","inLanguage":"hu","@id":"https:\/\/www.fattila.art\/blog\/elerhetoseg\/#primaryimage","url":"http:\/\/www.fattila.art\/blog\/wp-content\/uploads\/2013\/08\/FA_7586-Edit-331x500.jpg","contentUrl":"http:\/\/www.fattila.art\/blog\/wp-content\/uploads\/2013\/08\/FA_7586-Edit-331x500.jpg"},{"@type":"BreadcrumbList","@id":"https:\/\/www.fattila.art\/blog\/elerhetoseg\/#breadcrumb","itemListElement":[{"@type":"ListItem","position":1,"name":"Kezd\u0151lap","item":"https:\/\/www.fattila.art\/blog\/"},{"@type":"ListItem","position":2,"name":"Kapcsolat"}]},{"@type":"WebSite","@id":"https:\/\/www.fattila.art\/blog\/#website","url":"https:\/\/www.fattila.art\/blog\/","name":"Fekete Attila Fattila Fot\u00f3blog","description":"k\u00f6znapi k\u00e9pek kavalk\u00e1dja     - a k\u00e9pek csak \u00edr\u00e1sos enged\u00e9lyemmel haszn\u00e1lhat\u00f3k fel!","publisher":{"@id":"https:\/\/www.fattila.art\/blog\/#\/schema\/person\/2c6bc4da70975d98c509af79994cce4b"},"potentialAction":[{"@type":"SearchAction","target":{"@type":"EntryPoint","urlTemplate":"https:\/\/www.fattila.art\/blog\/?s={search_term_string}"},"query-input":{"@type":"PropertyValueSpecification","valueRequired":true,"valueName":"search_term_string"}}],"inLanguage":"hu"},{"@type":["Person","Organization"],"@id":"https:\/\/www.fattila.art\/blog\/#\/schema\/person\/2c6bc4da70975d98c509af79994cce4b","name":"Fekete Attila","image":{"@type":"ImageObject","inLanguage":"hu","@id":"https:\/\/www.fattila.art\/blog\/wp-content\/uploads\/2021\/09\/b3-1.jpg","url":"https:\/\/www.fattila.art\/blog\/wp-content\/uploads\/2021\/09\/b3-1.jpg","contentUrl":"https:\/\/www.fattila.art\/blog\/wp-content\/uploads\/2021\/09\/b3-1.jpg","width":58,"height":50,"caption":"Fekete Attila"},"logo":{"@id":"https:\/\/www.fattila.art\/blog\/wp-content\/uploads\/2021\/09\/b3-1.jpg"}}]}},"_links":{"self":[{"href":"https:\/\/www.fattila.art\/blog\/wp-json\/wp\/v2\/pages\/1041","targetHints":{"allow":["GET"]}}],"collection":[{"href":"https:\/\/www.fattila.art\/blog\/wp-json\/wp\/v2\/pages"}],"about":[{"href":"https:\/\/www.fattila.art\/blog\/wp-json\/wp\/v2\/types\/page"}],"author":[{"embeddable":true,"href":"https:\/\/www.fattila.art\/blog\/wp-json\/wp\/v2\/users\/1"}],"replies":[{"embeddable":true,"href":"https:\/\/www.fattila.art\/blog\/wp-json\/wp\/v2\/comments?post=1041"}],"version-history":[{"count":16,"href":"https:\/\/www.fattila.art\/blog\/wp-json\/wp\/v2\/pages\/1041\/revisions"}],"predecessor-version":[{"id":20951,"href":"https:\/\/www.fattila.art\/blog\/wp-json\/wp\/v2\/pages\/1041\/revisions\/20951"}],"wp:attachment":[{"href":"https:\/\/www.fattila.art\/blog\/wp-json\/wp\/v2\/media?parent=1041"}],"curies":[{"name":"wp","href":"https:\/\/api.w.org\/{rel}","templated":true}]}}