{"id":2,"date":"2011-05-15T19:29:30","date_gmt":"2011-05-15T19:29:30","guid":{"rendered":"http:\/\/www.fattila.art\/blog\/?page_id=2"},"modified":"2024-03-03T13:09:24","modified_gmt":"2024-03-03T12:09:24","slug":"szokep","status":"publish","type":"page","link":"https:\/\/www.fattila.art\/blog\/szokep\/","title":{"rendered":"Sz\u00f3-K\u00e9p"},"content":{"rendered":"<p style=\"text-align: right;\"><span style=\"font-family: 'book antiqua', palatino; font-size: medium;\">&#8222;Csak fut vel\u00fcnk az id\u0151, mely irigy<\/span><br \/>\n<span style=\"font-family: 'book antiqua', palatino; font-size: medium;\"> \u00c9s holt volt napokat \u00f6r\u00f6kre eltemet<\/span><br \/>\n<span style=\"font-family: 'book antiqua', palatino; font-size: medium;\"> De nyomukat majd tov\u00e1bb \u0151rzi a sz\u00edv<\/span><br \/>\n<span style=\"font-family: 'book antiqua', palatino; font-size: medium;\"> \u00c9s \u00fajra k\u00e9l a m\u00falt, ha eml\u00e9k\u00e9t pergeted&#8221;<\/span><br \/>\n<span style=\"font-family: 'book antiqua', palatino; font-size: medium;\"> (Gondolta Stirlitz<\/span>)<\/p>\n<p style=\"text-align: justify;\"><span style=\"font-family: 'book antiqua', palatino; font-size: large;\"><em>K\u00f6znapi<\/em>, mivel mondhatni csak \u00fagy, orvul re\u00e1m tal\u00e1ltak. B\u00e9k\u00e9sen s\u00e9t\u00e1lok, \u00fccs\u00f6rg\u00f6k, esetleg t\u00f6prengek, a k\u00e9pek meg re\u00e1m t\u00f6rnek, zaklatnak. Persze nem teljesen v\u00e9letlenek, de nem tartoznak sorozathoz &#8211; vagy m\u00e9g nem tudnak r\u00f3la. Gyan\u00fatlan sem voltam, hisz felt\u00e9telezem, lesznek itt \u00fajrak\u00e9pzelg\u00e9sek, ami felvet egy dilemm\u00e1t.<\/span><\/p>\n<p style=\"text-align: justify;\"><span style=\"font-family: 'book antiqua', palatino; font-size: large;\">Ez most akkor fot\u00f3, vagy nem fot\u00f3? Kinek mit jelent a f\u00e9nyk\u00e9p. El\u0151fordul, hogy valaki nem tartja f\u00e9nyk\u00e9pnek, ami v\u00e9g\u00fcl megsz\u00fcletik. Nem igazi, megrendezted; nem is olyanok voltak a sz\u00ednei; nem is \u00fagy n\u00e9zett ki, ott volt m\u00e9g valami; ilyen azt\u00e1n v\u00e9gk\u00e9pp nincs. Most m\u00e9gis lett, ha m\u00e1s nem is, f\u00e9nyalap\u00fa <em>k\u00e9pek<\/em>.<\/span><\/p>\n<p style=\"text-align: justify;\"><span style=\"font-family: 'book antiqua', palatino; font-size: large;\">Na de milyen rendezetlen k\u00e9pek. Nincs egys\u00e9ges st\u00edlus, nincs tematika, k\u00e9sz <em>kavalk\u00e1d<\/em>. \u00c9s az id\u0151, az id\u0151rend! De h\u00e1t az id\u0151 csak \u00e9rzet, s (meg)szok\u00e1s. Az, hogy az id\u0151 el\u0151refel\u00e9 halad, csak d\u00f6nt\u00e9s k\u00e9rd\u00e9se, mi\u00e9rt ne haladhatna visszafel\u00e9 is? Az \u00e9n-id\u0151ben valahol m\u00e9gis minden elkezd\u0151dik. Mondjuk a nulladik napon, m\u00falt, jelen, s t\u00e1n j\u00f6v\u0151 szimbi\u00f3zis\u00e1ban.<\/span><\/p>\n<p style=\"text-align: justify;\"><span style=\"font-family: 'book antiqua', palatino; font-size: large;\">(Azoknak, akik szeretn\u00e9k k\u00f6vetni az id\u0151 csavarjait, c\u00e9lszer\u0171 feliratkozniuk.)<\/span><\/p>\n<p style=\"text-align: right;\"><span style=\"font-family: 'book antiqua', palatino; font-size: medium;\">&#8222;\u00d6r\u00f6kk\u00e9 elmegy\u00fcnk pedig sehol se v\u00e1rnak r\u00e1nk<\/span><br \/>\n<span style=\"font-family: 'book antiqua', palatino; font-size: medium;\"> \u00c9s mindig csak k\u00e9peket hagyunk magunk ut\u00e1n&#8221;<\/span><br \/>\n<span style=\"font-family: 'book antiqua', palatino; font-size: medium;\"> (Eur\u00f3pa Kiad\u00f3)<\/span><\/p>\n","protected":false},"excerpt":{"rendered":"<p>&#8222;Csak fut vel\u00fcnk az id\u0151, mely irigy \u00c9s holt volt napokat \u00f6r\u00f6kre eltemet De nyomukat majd tov\u00e1bb \u0151rzi a sz\u00edv \u00c9s \u00fajra k\u00e9l a m\u00falt, ha eml\u00e9k\u00e9t pergeted&#8221; (Gondolta Stirlitz) K\u00f6znapi, mivel mondhatni csak \u00fagy, orvul re\u00e1m tal\u00e1ltak. B\u00e9k\u00e9sen s\u00e9t\u00e1lok, \u00fccs\u00f6rg\u00f6k, esetleg t\u00f6prengek, a k\u00e9pek meg re\u00e1m t\u00f6rnek, zaklatnak. Persze nem teljesen v\u00e9letlenek, de nem &hellip; <a href=\"https:\/\/www.fattila.art\/blog\/szokep\/\" class=\"more-link\"><span class=\"screen-reader-text\">Sz\u00f3-K\u00e9p<\/span> r\u00e9szletei&#8230;<\/a><\/p>\n","protected":false},"author":1,"featured_media":0,"parent":0,"menu_order":0,"comment_status":"closed","ping_status":"open","template":"","meta":{"ngg_post_thumbnail":0,"footnotes":""},"class_list":["post-2","page","type-page","status-publish","hentry"],"yoast_head":"<!-- This site is optimized with the Yoast SEO plugin v27.3 - https:\/\/yoast.com\/product\/yoast-seo-wordpress\/ -->\n<title>Sz\u00f3-K\u00e9p - Fattila Fekete Attila Fot\u00f3blog<\/title>\n<meta name=\"description\" content=\"Fekete Attila fot\u00f3blog\" \/>\n<meta name=\"robots\" content=\"index, follow, max-snippet:-1, max-image-preview:large, max-video-preview:-1\" \/>\n<link rel=\"canonical\" href=\"https:\/\/www.fattila.art\/blog\/szokep\/\" \/>\n<meta property=\"og:locale\" content=\"hu_HU\" \/>\n<meta property=\"og:type\" content=\"article\" \/>\n<meta property=\"og:title\" content=\"Sz\u00f3-K\u00e9p - Fattila Fekete Attila Fot\u00f3blog\" \/>\n<meta property=\"og:description\" content=\"Fekete Attila fot\u00f3blog\" \/>\n<meta property=\"og:url\" content=\"https:\/\/www.fattila.art\/blog\/szokep\/\" \/>\n<meta property=\"og:site_name\" content=\"Fattila Fekete Attila Fot\u00f3blog\" \/>\n<meta property=\"article:modified_time\" content=\"2024-03-03T12:09:24+00:00\" \/>\n<meta name=\"twitter:label1\" content=\"Becs\u00fclt olvas\u00e1si id\u0151\" \/>\n\t<meta name=\"twitter:data1\" content=\"2 perc\" \/>\n<script type=\"application\/ld+json\" class=\"yoast-schema-graph\">{\"@context\":\"https:\\\/\\\/schema.org\",\"@graph\":[{\"@type\":\"WebPage\",\"@id\":\"https:\\\/\\\/www.fattila.art\\\/blog\\\/szokep\\\/\",\"url\":\"https:\\\/\\\/www.fattila.art\\\/blog\\\/szokep\\\/\",\"name\":\"Sz\u00f3-K\u00e9p - Fattila Fekete Attila Fot\u00f3blog\",\"isPartOf\":{\"@id\":\"https:\\\/\\\/www.fattila.art\\\/blog\\\/#website\"},\"datePublished\":\"2011-05-15T19:29:30+00:00\",\"dateModified\":\"2024-03-03T12:09:24+00:00\",\"description\":\"Fekete Attila fot\u00f3blog\",\"breadcrumb\":{\"@id\":\"https:\\\/\\\/www.fattila.art\\\/blog\\\/szokep\\\/#breadcrumb\"},\"inLanguage\":\"hu\",\"potentialAction\":[{\"@type\":\"ReadAction\",\"target\":[\"https:\\\/\\\/www.fattila.art\\\/blog\\\/szokep\\\/\"]}]},{\"@type\":\"BreadcrumbList\",\"@id\":\"https:\\\/\\\/www.fattila.art\\\/blog\\\/szokep\\\/#breadcrumb\",\"itemListElement\":[{\"@type\":\"ListItem\",\"position\":1,\"name\":\"Kezd\u0151lap\",\"item\":\"https:\\\/\\\/www.fattila.art\\\/blog\\\/\"},{\"@type\":\"ListItem\",\"position\":2,\"name\":\"Sz\u00f3-K\u00e9p\"}]},{\"@type\":\"WebSite\",\"@id\":\"https:\\\/\\\/www.fattila.art\\\/blog\\\/#website\",\"url\":\"https:\\\/\\\/www.fattila.art\\\/blog\\\/\",\"name\":\"Fekete Attila Fattila Fot\u00f3blog\",\"description\":\"k\u00f6znapi k\u00e9pek kavalk\u00e1dja     - a k\u00e9pek csak \u00edr\u00e1sos enged\u00e9lyemmel haszn\u00e1lhat\u00f3k fel!\",\"publisher\":{\"@id\":\"https:\\\/\\\/www.fattila.art\\\/blog\\\/#\\\/schema\\\/person\\\/2c6bc4da70975d98c509af79994cce4b\"},\"potentialAction\":[{\"@type\":\"SearchAction\",\"target\":{\"@type\":\"EntryPoint\",\"urlTemplate\":\"https:\\\/\\\/www.fattila.art\\\/blog\\\/?s={search_term_string}\"},\"query-input\":{\"@type\":\"PropertyValueSpecification\",\"valueRequired\":true,\"valueName\":\"search_term_string\"}}],\"inLanguage\":\"hu\"},{\"@type\":[\"Person\",\"Organization\"],\"@id\":\"https:\\\/\\\/www.fattila.art\\\/blog\\\/#\\\/schema\\\/person\\\/2c6bc4da70975d98c509af79994cce4b\",\"name\":\"Fekete Attila\",\"image\":{\"@type\":\"ImageObject\",\"inLanguage\":\"hu\",\"@id\":\"https:\\\/\\\/www.fattila.art\\\/blog\\\/wp-content\\\/uploads\\\/2021\\\/09\\\/b3-1.jpg\",\"url\":\"https:\\\/\\\/www.fattila.art\\\/blog\\\/wp-content\\\/uploads\\\/2021\\\/09\\\/b3-1.jpg\",\"contentUrl\":\"https:\\\/\\\/www.fattila.art\\\/blog\\\/wp-content\\\/uploads\\\/2021\\\/09\\\/b3-1.jpg\",\"width\":58,\"height\":50,\"caption\":\"Fekete Attila\"},\"logo\":{\"@id\":\"https:\\\/\\\/www.fattila.art\\\/blog\\\/wp-content\\\/uploads\\\/2021\\\/09\\\/b3-1.jpg\"}}]}<\/script>\n<!-- \/ Yoast SEO plugin. -->","yoast_head_json":{"title":"Sz\u00f3-K\u00e9p - Fattila Fekete Attila Fot\u00f3blog","description":"Fekete Attila fot\u00f3blog","robots":{"index":"index","follow":"follow","max-snippet":"max-snippet:-1","max-image-preview":"max-image-preview:large","max-video-preview":"max-video-preview:-1"},"canonical":"https:\/\/www.fattila.art\/blog\/szokep\/","og_locale":"hu_HU","og_type":"article","og_title":"Sz\u00f3-K\u00e9p - Fattila Fekete Attila Fot\u00f3blog","og_description":"Fekete Attila fot\u00f3blog","og_url":"https:\/\/www.fattila.art\/blog\/szokep\/","og_site_name":"Fattila Fekete Attila Fot\u00f3blog","article_modified_time":"2024-03-03T12:09:24+00:00","twitter_misc":{"Becs\u00fclt olvas\u00e1si id\u0151":"2 perc"},"schema":{"@context":"https:\/\/schema.org","@graph":[{"@type":"WebPage","@id":"https:\/\/www.fattila.art\/blog\/szokep\/","url":"https:\/\/www.fattila.art\/blog\/szokep\/","name":"Sz\u00f3-K\u00e9p - Fattila Fekete Attila Fot\u00f3blog","isPartOf":{"@id":"https:\/\/www.fattila.art\/blog\/#website"},"datePublished":"2011-05-15T19:29:30+00:00","dateModified":"2024-03-03T12:09:24+00:00","description":"Fekete Attila fot\u00f3blog","breadcrumb":{"@id":"https:\/\/www.fattila.art\/blog\/szokep\/#breadcrumb"},"inLanguage":"hu","potentialAction":[{"@type":"ReadAction","target":["https:\/\/www.fattila.art\/blog\/szokep\/"]}]},{"@type":"BreadcrumbList","@id":"https:\/\/www.fattila.art\/blog\/szokep\/#breadcrumb","itemListElement":[{"@type":"ListItem","position":1,"name":"Kezd\u0151lap","item":"https:\/\/www.fattila.art\/blog\/"},{"@type":"ListItem","position":2,"name":"Sz\u00f3-K\u00e9p"}]},{"@type":"WebSite","@id":"https:\/\/www.fattila.art\/blog\/#website","url":"https:\/\/www.fattila.art\/blog\/","name":"Fekete Attila Fattila Fot\u00f3blog","description":"k\u00f6znapi k\u00e9pek kavalk\u00e1dja     - a k\u00e9pek csak \u00edr\u00e1sos enged\u00e9lyemmel haszn\u00e1lhat\u00f3k fel!","publisher":{"@id":"https:\/\/www.fattila.art\/blog\/#\/schema\/person\/2c6bc4da70975d98c509af79994cce4b"},"potentialAction":[{"@type":"SearchAction","target":{"@type":"EntryPoint","urlTemplate":"https:\/\/www.fattila.art\/blog\/?s={search_term_string}"},"query-input":{"@type":"PropertyValueSpecification","valueRequired":true,"valueName":"search_term_string"}}],"inLanguage":"hu"},{"@type":["Person","Organization"],"@id":"https:\/\/www.fattila.art\/blog\/#\/schema\/person\/2c6bc4da70975d98c509af79994cce4b","name":"Fekete Attila","image":{"@type":"ImageObject","inLanguage":"hu","@id":"https:\/\/www.fattila.art\/blog\/wp-content\/uploads\/2021\/09\/b3-1.jpg","url":"https:\/\/www.fattila.art\/blog\/wp-content\/uploads\/2021\/09\/b3-1.jpg","contentUrl":"https:\/\/www.fattila.art\/blog\/wp-content\/uploads\/2021\/09\/b3-1.jpg","width":58,"height":50,"caption":"Fekete Attila"},"logo":{"@id":"https:\/\/www.fattila.art\/blog\/wp-content\/uploads\/2021\/09\/b3-1.jpg"}}]}},"_links":{"self":[{"href":"https:\/\/www.fattila.art\/blog\/wp-json\/wp\/v2\/pages\/2","targetHints":{"allow":["GET"]}}],"collection":[{"href":"https:\/\/www.fattila.art\/blog\/wp-json\/wp\/v2\/pages"}],"about":[{"href":"https:\/\/www.fattila.art\/blog\/wp-json\/wp\/v2\/types\/page"}],"author":[{"embeddable":true,"href":"https:\/\/www.fattila.art\/blog\/wp-json\/wp\/v2\/users\/1"}],"replies":[{"embeddable":true,"href":"https:\/\/www.fattila.art\/blog\/wp-json\/wp\/v2\/comments?post=2"}],"version-history":[{"count":17,"href":"https:\/\/www.fattila.art\/blog\/wp-json\/wp\/v2\/pages\/2\/revisions"}],"predecessor-version":[{"id":1461,"href":"https:\/\/www.fattila.art\/blog\/wp-json\/wp\/v2\/pages\/2\/revisions\/1461"}],"wp:attachment":[{"href":"https:\/\/www.fattila.art\/blog\/wp-json\/wp\/v2\/media?parent=2"}],"curies":[{"name":"wp","href":"https:\/\/api.w.org\/{rel}","templated":true}]}}